{"id":2963,"date":"2023-11-23T09:04:53","date_gmt":"2023-11-23T09:04:53","guid":{"rendered":"https:\/\/embroidertech.com\/?post_type=product&#038;p=2963"},"modified":"2024-10-11T11:45:36","modified_gmt":"2024-10-11T11:45:36","slug":"sudadera-bad-bunny-corazones-un-verano-sin-ti","status":"publish","type":"product","link":"https:\/\/embroidertech.com\/index.php\/producto\/sudadera-bad-bunny-corazones-un-verano-sin-ti\/","title":{"rendered":"Sudadera Bad Bunny Corazones Un Verano Sin ti"},"content":{"rendered":"<p>\u00a1Te presentamos nuestra exclusiva sudadera con un toque \u00fanico! Esta prenda cuenta con un bordado especial en el centro, en el cual se destaca los corazones del \u00e1lbum un verano sin ti de Bad Bunny. Si eres fan\u00e1tico de la m\u00fasica urbana y te gusta llevar el estilo a otro nivel, esta sudadera es perfecta para ti.<\/p>\n<p>Caracter\u00edsticas de la sudadera:<\/p>\n<ul>\n<li>Dise\u00f1o personalizado: El bordado de los corazones del \u00e1lbum un verano sin ti de Bad Bunny \u00a0es el detalle distintivo de esta sudadera. La combinaci\u00f3n del ic\u00f3nico \u00edcono reconocido mundialmente con la imagen de Bad Bunny crea una pieza de moda \u00fanica y llamativa.<\/li>\n<li>Calidad premium: Nos enorgullece ofrecerte productos de alta calidad, y esta sudadera no es la excepci\u00f3n. Est\u00e1 confeccionada con materiales duraderos y de primera calidad para garantizar su resistencia y comodidad.<\/li>\n<li>Comodidad sin igual: El tejido suave y c\u00f3modo de esta sudadera te brinda una sensaci\u00f3n agradable al usarla. Ya sea para salir con amigos, asistir a conciertos o simplemente para relajarte en casa, esta sudadera te mantendr\u00e1 c\u00f3modo y a la moda en todo momento.<\/li>\n<li>Amplia variedad de tallas: Pensando en la diversidad de nuestros clientes, ofrecemos una amplia gama de tallas, desde la S hasta la XXL, para asegurarnos de que encuentres el ajuste perfecto que se adapte a tu estilo y preferencias.<\/li>\n<\/ul>\n<p>En nuestra p\u00e1gina web, nos especializamos en bordados personalizados en sudaderas, y esta sudadera con el bordado de la cara de Bad Bunny en el logotipo de Nike es un ejemplo de nuestro trabajo excepcional. No solo estar\u00e1s adquiriendo una prenda de vestir \u00fanica y con estilo, sino tambi\u00e9n una pieza de colecci\u00f3n que refleja tu admiraci\u00f3n por la m\u00fasica y la moda urbana.<\/p>\n<p>No pierdas la oportunidad de destacar con estilo y hacer una declaraci\u00f3n de moda con esta sudadera exclusiva. \u00a1Agrega un toque de Bad Bunny a tu armario y realiza tu pedido ahora mismo!<\/p>\n","protected":false},"excerpt":{"rendered":"<p>Sudadera Bad Bunny Doble Coraz\u00f3n<\/p>\n","protected":false},"featured_media":2955,"comment_status":"open","ping_status":"closed","template":"","meta":{"_uag_custom_page_level_css":"","site-sidebar-layout":"default","site-content-layout":"default","ast-site-content-layout":"default","site-content-style":"default","site-sidebar-style":"default","ast-global-header-display":"","ast-banner-title-visibility":"","ast-main-header-display":"","ast-hfb-above-header-display":"","ast-hfb-below-header-display":"","ast-hfb-mobile-header-display":"","site-post-title":"","ast-breadcrumbs-content":"","ast-featured-img":"","footer-sml-layout":"","ast-disable-related-posts":"","theme-transparent-header-meta":"default","adv-header-id-meta":"","stick-header-meta":"","header-above-stick-meta":"","header-main-stick-meta":"","header-below-stick-meta":"","astra-migrate-meta-layouts":"set","ast-page-background-enabled":"default","ast-page-background-meta":{"desktop":{"background-color":"var(--ast-global-color-4)","background-image":"","background-repeat":"repeat","background-position":"center center","background-size":"auto","background-attachment":"scroll","background-type":"","background-media":"","overlay-type":"","overlay-color":"","overlay-opacity":"","overlay-gradient":""},"tablet":{"background-color":"","background-image":"","background-repeat":"repeat","background-position":"center center","background-size":"auto","background-attachment":"scroll","background-type":"","background-media":"","overlay-type":"","overlay-color":"","overlay-opacity":"","overlay-gradient":""},"mobile":{"background-color":"","background-image":"","background-repeat":"repeat","background-position":"center center","background-size":"auto","background-attachment":"scroll","background-type":"","background-media":"","overlay-type":"","overlay-color":"","overlay-opacity":"","overlay-gradient":""}},"ast-content-background-meta":{"desktop":{"background-color":"var(--ast-global-color-5)","background-image":"","background-repeat":"repeat","background-position":"center center","background-size":"auto","background-attachment":"scroll","background-type":"","background-media":"","overlay-type":"","overlay-color":"","overlay-opacity":"","overlay-gradient":""},"tablet":{"background-color":"var(--ast-global-color-5)","background-image":"","background-repeat":"repeat","background-position":"center center","background-size":"auto","background-attachment":"scroll","background-type":"","background-media":"","overlay-type":"","overlay-color":"","overlay-opacity":"","overlay-gradient":""},"mobile":{"background-color":"var(--ast-global-color-5)","background-image":"","background-repeat":"repeat","background-position":"center center","background-size":"auto","background-attachment":"scroll","background-type":"","background-media":"","overlay-type":"","overlay-color":"","overlay-opacity":"","overlay-gradient":""}}},"product_brand":[],"product_cat":[24],"product_tag":[],"class_list":{"0":"post-2963","1":"product","2":"type-product","3":"status-publish","4":"has-post-thumbnail","6":"product_cat-sudaderas-cantante","7":"pa_tallas-l","8":"pa_tallas-m","9":"pa_tallas-s","10":"pa_tallas-xl","11":"pa_tallas-xxl","12":"desktop-align-left","13":"tablet-align-left","14":"mobile-align-left","16":"first","17":"instock","18":"taxable","19":"shipping-taxable","20":"purchasable","21":"product-type-variable"},"yoast_head":"<!-- This site is optimized with the Yoast SEO plugin v27.5 - https:\/\/yoast.com\/product\/yoast-seo-wordpress\/ -->\n<title>Sudadera Bad Bunny Corazones Un Verano Sin ti - EmbroiderTech<\/title>\n<meta name=\"robots\" content=\"index, follow, max-snippet:-1, max-image-preview:large, max-video-preview:-1\" \/>\n<link rel=\"canonical\" href=\"https:\/\/embroidertech.com\/index.php\/producto\/sudadera-bad-bunny-corazones-un-verano-sin-ti\/\" \/>\n<meta property=\"og:locale\" content=\"es_ES\" \/>\n<meta property=\"og:type\" content=\"article\" \/>\n<meta property=\"og:title\" content=\"Sudadera Bad Bunny Corazones Un Verano Sin ti - EmbroiderTech\" \/>\n<meta property=\"og:description\" content=\"Sudadera Bad Bunny Doble Coraz\u00f3n\" \/>\n<meta property=\"og:url\" content=\"https:\/\/embroidertech.com\/index.php\/producto\/sudadera-bad-bunny-corazones-un-verano-sin-ti\/\" \/>\n<meta property=\"og:site_name\" content=\"EmbroiderTech\" \/>\n<meta property=\"article:modified_time\" content=\"2024-10-11T11:45:36+00:00\" \/>\n<meta property=\"og:image\" content=\"https:\/\/embroidertech.com\/wp-content\/uploads\/2023\/11\/10.png\" \/>\n\t<meta property=\"og:image:width\" content=\"800\" \/>\n\t<meta property=\"og:image:height\" content=\"800\" \/>\n\t<meta property=\"og:image:type\" content=\"image\/png\" \/>\n<meta name=\"twitter:card\" content=\"summary_large_image\" \/>\n<meta name=\"twitter:label1\" content=\"Tiempo de lectura\" \/>\n\t<meta name=\"twitter:data1\" content=\"2 minutos\" \/>\n<script type=\"application\/ld+json\" class=\"yoast-schema-graph\">{\"@context\":\"https:\\\/\\\/schema.org\",\"@graph\":[{\"@type\":\"WebPage\",\"@id\":\"https:\\\/\\\/embroidertech.com\\\/index.php\\\/producto\\\/sudadera-bad-bunny-corazones-un-verano-sin-ti\\\/\",\"url\":\"https:\\\/\\\/embroidertech.com\\\/index.php\\\/producto\\\/sudadera-bad-bunny-corazones-un-verano-sin-ti\\\/\",\"name\":\"Sudadera Bad Bunny Corazones Un Verano Sin ti - EmbroiderTech\",\"isPartOf\":{\"@id\":\"https:\\\/\\\/embroidertech.com\\\/#website\"},\"primaryImageOfPage\":{\"@id\":\"https:\\\/\\\/embroidertech.com\\\/index.php\\\/producto\\\/sudadera-bad-bunny-corazones-un-verano-sin-ti\\\/#primaryimage\"},\"image\":{\"@id\":\"https:\\\/\\\/embroidertech.com\\\/index.php\\\/producto\\\/sudadera-bad-bunny-corazones-un-verano-sin-ti\\\/#primaryimage\"},\"thumbnailUrl\":\"https:\\\/\\\/embroidertech.com\\\/wp-content\\\/uploads\\\/2023\\\/11\\\/10.png\",\"datePublished\":\"2023-11-23T09:04:53+00:00\",\"dateModified\":\"2024-10-11T11:45:36+00:00\",\"breadcrumb\":{\"@id\":\"https:\\\/\\\/embroidertech.com\\\/index.php\\\/producto\\\/sudadera-bad-bunny-corazones-un-verano-sin-ti\\\/#breadcrumb\"},\"inLanguage\":\"es\",\"potentialAction\":[{\"@type\":\"ReadAction\",\"target\":[\"https:\\\/\\\/embroidertech.com\\\/index.php\\\/producto\\\/sudadera-bad-bunny-corazones-un-verano-sin-ti\\\/\"]}]},{\"@type\":\"ImageObject\",\"inLanguage\":\"es\",\"@id\":\"https:\\\/\\\/embroidertech.com\\\/index.php\\\/producto\\\/sudadera-bad-bunny-corazones-un-verano-sin-ti\\\/#primaryimage\",\"url\":\"https:\\\/\\\/embroidertech.com\\\/wp-content\\\/uploads\\\/2023\\\/11\\\/10.png\",\"contentUrl\":\"https:\\\/\\\/embroidertech.com\\\/wp-content\\\/uploads\\\/2023\\\/11\\\/10.png\",\"width\":800,\"height\":800},{\"@type\":\"BreadcrumbList\",\"@id\":\"https:\\\/\\\/embroidertech.com\\\/index.php\\\/producto\\\/sudadera-bad-bunny-corazones-un-verano-sin-ti\\\/#breadcrumb\",\"itemListElement\":[{\"@type\":\"ListItem\",\"position\":1,\"name\":\"Portada\",\"item\":\"https:\\\/\\\/embroidertech.com\\\/\"},{\"@type\":\"ListItem\",\"position\":2,\"name\":\"Productos\",\"item\":\"https:\\\/\\\/embroidertech.com\\\/index.php\\\/shop\\\/\"},{\"@type\":\"ListItem\",\"position\":3,\"name\":\"Sudadera Bad Bunny Corazones Un Verano Sin ti\"}]},{\"@type\":\"WebSite\",\"@id\":\"https:\\\/\\\/embroidertech.com\\\/#website\",\"url\":\"https:\\\/\\\/embroidertech.com\\\/\",\"name\":\"EmbroiderTech\",\"description\":\"Dise\u00f1os bordados en sudaderas y camisetas: tu estilo personalizado en cada puntada.\",\"publisher\":{\"@id\":\"https:\\\/\\\/embroidertech.com\\\/#organization\"},\"potentialAction\":[{\"@type\":\"SearchAction\",\"target\":{\"@type\":\"EntryPoint\",\"urlTemplate\":\"https:\\\/\\\/embroidertech.com\\\/?s={search_term_string}\"},\"query-input\":{\"@type\":\"PropertyValueSpecification\",\"valueRequired\":true,\"valueName\":\"search_term_string\"}}],\"inLanguage\":\"es\"},{\"@type\":\"Organization\",\"@id\":\"https:\\\/\\\/embroidertech.com\\\/#organization\",\"name\":\"EmbroiderTech\",\"url\":\"https:\\\/\\\/embroidertech.com\\\/\",\"logo\":{\"@type\":\"ImageObject\",\"inLanguage\":\"es\",\"@id\":\"https:\\\/\\\/embroidertech.com\\\/#\\\/schema\\\/logo\\\/image\\\/\",\"url\":\"https:\\\/\\\/embroidertech.com\\\/wp-content\\\/uploads\\\/2023\\\/06\\\/Diseno-sin-titulo-8.png\",\"contentUrl\":\"https:\\\/\\\/embroidertech.com\\\/wp-content\\\/uploads\\\/2023\\\/06\\\/Diseno-sin-titulo-8.png\",\"width\":300,\"height\":300,\"caption\":\"EmbroiderTech\"},\"image\":{\"@id\":\"https:\\\/\\\/embroidertech.com\\\/#\\\/schema\\\/logo\\\/image\\\/\"}}]}<\/script>\n<!-- \/ Yoast SEO plugin. -->","yoast_head_json":{"title":"Sudadera Bad Bunny Corazones Un Verano Sin ti - EmbroiderTech","robots":{"index":"index","follow":"follow","max-snippet":"max-snippet:-1","max-image-preview":"max-image-preview:large","max-video-preview":"max-video-preview:-1"},"canonical":"https:\/\/embroidertech.com\/index.php\/producto\/sudadera-bad-bunny-corazones-un-verano-sin-ti\/","og_locale":"es_ES","og_type":"article","og_title":"Sudadera Bad Bunny Corazones Un Verano Sin ti - EmbroiderTech","og_description":"Sudadera Bad Bunny Doble Coraz\u00f3n","og_url":"https:\/\/embroidertech.com\/index.php\/producto\/sudadera-bad-bunny-corazones-un-verano-sin-ti\/","og_site_name":"EmbroiderTech","article_modified_time":"2024-10-11T11:45:36+00:00","og_image":[{"width":800,"height":800,"url":"https:\/\/embroidertech.com\/wp-content\/uploads\/2023\/11\/10.png","type":"image\/png"}],"twitter_card":"summary_large_image","twitter_misc":{"Tiempo de lectura":"2 minutos"},"schema":{"@context":"https:\/\/schema.org","@graph":[{"@type":"WebPage","@id":"https:\/\/embroidertech.com\/index.php\/producto\/sudadera-bad-bunny-corazones-un-verano-sin-ti\/","url":"https:\/\/embroidertech.com\/index.php\/producto\/sudadera-bad-bunny-corazones-un-verano-sin-ti\/","name":"Sudadera Bad Bunny Corazones Un Verano Sin ti - EmbroiderTech","isPartOf":{"@id":"https:\/\/embroidertech.com\/#website"},"primaryImageOfPage":{"@id":"https:\/\/embroidertech.com\/index.php\/producto\/sudadera-bad-bunny-corazones-un-verano-sin-ti\/#primaryimage"},"image":{"@id":"https:\/\/embroidertech.com\/index.php\/producto\/sudadera-bad-bunny-corazones-un-verano-sin-ti\/#primaryimage"},"thumbnailUrl":"https:\/\/embroidertech.com\/wp-content\/uploads\/2023\/11\/10.png","datePublished":"2023-11-23T09:04:53+00:00","dateModified":"2024-10-11T11:45:36+00:00","breadcrumb":{"@id":"https:\/\/embroidertech.com\/index.php\/producto\/sudadera-bad-bunny-corazones-un-verano-sin-ti\/#breadcrumb"},"inLanguage":"es","potentialAction":[{"@type":"ReadAction","target":["https:\/\/embroidertech.com\/index.php\/producto\/sudadera-bad-bunny-corazones-un-verano-sin-ti\/"]}]},{"@type":"ImageObject","inLanguage":"es","@id":"https:\/\/embroidertech.com\/index.php\/producto\/sudadera-bad-bunny-corazones-un-verano-sin-ti\/#primaryimage","url":"https:\/\/embroidertech.com\/wp-content\/uploads\/2023\/11\/10.png","contentUrl":"https:\/\/embroidertech.com\/wp-content\/uploads\/2023\/11\/10.png","width":800,"height":800},{"@type":"BreadcrumbList","@id":"https:\/\/embroidertech.com\/index.php\/producto\/sudadera-bad-bunny-corazones-un-verano-sin-ti\/#breadcrumb","itemListElement":[{"@type":"ListItem","position":1,"name":"Portada","item":"https:\/\/embroidertech.com\/"},{"@type":"ListItem","position":2,"name":"Productos","item":"https:\/\/embroidertech.com\/index.php\/shop\/"},{"@type":"ListItem","position":3,"name":"Sudadera Bad Bunny Corazones Un Verano Sin ti"}]},{"@type":"WebSite","@id":"https:\/\/embroidertech.com\/#website","url":"https:\/\/embroidertech.com\/","name":"EmbroiderTech","description":"Dise\u00f1os bordados en sudaderas y camisetas: tu estilo personalizado en cada puntada.","publisher":{"@id":"https:\/\/embroidertech.com\/#organization"},"potentialAction":[{"@type":"SearchAction","target":{"@type":"EntryPoint","urlTemplate":"https:\/\/embroidertech.com\/?s={search_term_string}"},"query-input":{"@type":"PropertyValueSpecification","valueRequired":true,"valueName":"search_term_string"}}],"inLanguage":"es"},{"@type":"Organization","@id":"https:\/\/embroidertech.com\/#organization","name":"EmbroiderTech","url":"https:\/\/embroidertech.com\/","logo":{"@type":"ImageObject","inLanguage":"es","@id":"https:\/\/embroidertech.com\/#\/schema\/logo\/image\/","url":"https:\/\/embroidertech.com\/wp-content\/uploads\/2023\/06\/Diseno-sin-titulo-8.png","contentUrl":"https:\/\/embroidertech.com\/wp-content\/uploads\/2023\/06\/Diseno-sin-titulo-8.png","width":300,"height":300,"caption":"EmbroiderTech"},"image":{"@id":"https:\/\/embroidertech.com\/#\/schema\/logo\/image\/"}}]}},"uagb_featured_image_src":{"full":["https:\/\/embroidertech.com\/wp-content\/uploads\/2023\/11\/10.png",800,800,false],"thumbnail":["https:\/\/embroidertech.com\/wp-content\/uploads\/2023\/11\/10-150x150.png",150,150,true],"medium":["https:\/\/embroidertech.com\/wp-content\/uploads\/2023\/11\/10-300x300.png",300,300,true],"medium_large":["https:\/\/embroidertech.com\/wp-content\/uploads\/2023\/11\/10-768x768.png",768,768,true],"large":["https:\/\/embroidertech.com\/wp-content\/uploads\/2023\/11\/10.png",800,800,false],"1536x1536":["https:\/\/embroidertech.com\/wp-content\/uploads\/2023\/11\/10.png",800,800,false],"2048x2048":["https:\/\/embroidertech.com\/wp-content\/uploads\/2023\/11\/10.png",800,800,false],"wishsuite-image":["https:\/\/embroidertech.com\/wp-content\/uploads\/2023\/11\/10-80x80.png",80,80,true],"woocommerce_thumbnail":["https:\/\/embroidertech.com\/wp-content\/uploads\/2023\/11\/10-300x300.png",300,300,true],"woocommerce_single":["https:\/\/embroidertech.com\/wp-content\/uploads\/2023\/11\/10-600x600.png",600,600,true],"woocommerce_gallery_thumbnail":["https:\/\/embroidertech.com\/wp-content\/uploads\/2023\/11\/10-100x100.png",100,100,true],"variation_swatches_image_size":["https:\/\/embroidertech.com\/wp-content\/uploads\/2023\/11\/10-50x50.png",50,50,true],"variation_swatches_tooltip_size":["https:\/\/embroidertech.com\/wp-content\/uploads\/2023\/11\/10-100x100.png",100,100,true]},"uagb_author_info":{"display_name":"ricardo","author_link":"https:\/\/embroidertech.com\/index.php\/author\/"},"uagb_comment_info":0,"uagb_excerpt":"Sudadera Bad Bunny Doble Coraz\u00f3n","jetpack_sharing_enabled":true,"_links":{"self":[{"href":"https:\/\/embroidertech.com\/index.php\/wp-json\/wp\/v2\/product\/2963","targetHints":{"allow":["GET"]}}],"collection":[{"href":"https:\/\/embroidertech.com\/index.php\/wp-json\/wp\/v2\/product"}],"about":[{"href":"https:\/\/embroidertech.com\/index.php\/wp-json\/wp\/v2\/types\/product"}],"replies":[{"embeddable":true,"href":"https:\/\/embroidertech.com\/index.php\/wp-json\/wp\/v2\/comments?post=2963"}],"wp:featuredmedia":[{"embeddable":true,"href":"https:\/\/embroidertech.com\/index.php\/wp-json\/wp\/v2\/media\/2955"}],"wp:attachment":[{"href":"https:\/\/embroidertech.com\/index.php\/wp-json\/wp\/v2\/media?parent=2963"}],"wp:term":[{"taxonomy":"product_brand","embeddable":true,"href":"https:\/\/embroidertech.com\/index.php\/wp-json\/wp\/v2\/product_brand?post=2963"},{"taxonomy":"product_cat","embeddable":true,"href":"https:\/\/embroidertech.com\/index.php\/wp-json\/wp\/v2\/product_cat?post=2963"},{"taxonomy":"product_tag","embeddable":true,"href":"https:\/\/embroidertech.com\/index.php\/wp-json\/wp\/v2\/product_tag?post=2963"}],"curies":[{"name":"wp","href":"https:\/\/api.w.org\/{rel}","templated":true}]}}