{"id":2842,"date":"2023-10-24T07:01:03","date_gmt":"2023-10-24T07:01:03","guid":{"rendered":"https:\/\/embroidertech.com\/?page_id=2842"},"modified":"2023-11-28T08:01:41","modified_gmt":"2023-11-28T08:01:41","slug":"guia-de-tallas","status":"publish","type":"page","link":"https:\/\/embroidertech.com\/index.php\/guia-de-tallas\/","title":{"rendered":"Gu\u00eda de tallas"},"content":{"rendered":"\n<h3 class=\"wp-block-heading has-text-align-center\">IMAGENES DE LAS SUDADERAS<\/h3>\n\n\n\n<figure class=\"wp-block-gallery has-nested-images columns-default is-cropped wp-block-gallery-1 is-layout-flex wp-block-gallery-is-layout-flex\">\n<figure class=\"wp-block-image size-full\"><img fetchpriority=\"high\" decoding=\"async\" width=\"800\" height=\"800\" data-id=\"2851\" src=\"https:\/\/embroidertech.com\/wp-content\/uploads\/2023\/10\/Sudaderas-Equipos.png\" alt=\"\" class=\"wp-image-2851\" srcset=\"https:\/\/embroidertech.com\/wp-content\/uploads\/2023\/10\/Sudaderas-Equipos.png 800w, https:\/\/embroidertech.com\/wp-content\/uploads\/2023\/10\/Sudaderas-Equipos-300x300.png 300w, https:\/\/embroidertech.com\/wp-content\/uploads\/2023\/10\/Sudaderas-Equipos-150x150.png 150w, https:\/\/embroidertech.com\/wp-content\/uploads\/2023\/10\/Sudaderas-Equipos-768x768.png 768w, https:\/\/embroidertech.com\/wp-content\/uploads\/2023\/10\/Sudaderas-Equipos-80x80.png 80w, https:\/\/embroidertech.com\/wp-content\/uploads\/2023\/10\/Sudaderas-Equipos-600x600.png 600w, https:\/\/embroidertech.com\/wp-content\/uploads\/2023\/10\/Sudaderas-Equipos-100x100.png 100w, https:\/\/embroidertech.com\/wp-content\/uploads\/2023\/10\/Sudaderas-Equipos-50x50.png 50w\" sizes=\"(max-width: 800px) 100vw, 800px\" \/><\/figure>\n\n\n\n<figure class=\"wp-block-image size-large\"><img decoding=\"async\" width=\"800\" height=\"800\" data-id=\"2839\" src=\"https:\/\/embroidertech.com\/wp-content\/uploads\/2023\/10\/9.png\" alt=\"\" class=\"wp-image-2839\" srcset=\"https:\/\/embroidertech.com\/wp-content\/uploads\/2023\/10\/9.png 800w, https:\/\/embroidertech.com\/wp-content\/uploads\/2023\/10\/9-300x300.png 300w, https:\/\/embroidertech.com\/wp-content\/uploads\/2023\/10\/9-150x150.png 150w, https:\/\/embroidertech.com\/wp-content\/uploads\/2023\/10\/9-768x768.png 768w, https:\/\/embroidertech.com\/wp-content\/uploads\/2023\/10\/9-80x80.png 80w, https:\/\/embroidertech.com\/wp-content\/uploads\/2023\/10\/9-600x600.png 600w, https:\/\/embroidertech.com\/wp-content\/uploads\/2023\/10\/9-100x100.png 100w, https:\/\/embroidertech.com\/wp-content\/uploads\/2023\/10\/9-50x50.png 50w\" sizes=\"(max-width: 800px) 100vw, 800px\" \/><\/figure>\n\n\n\n<figure class=\"wp-block-image size-large\"><img decoding=\"async\" width=\"800\" height=\"800\" data-id=\"2838\" src=\"https:\/\/embroidertech.com\/wp-content\/uploads\/2023\/10\/8-1.png\" alt=\"\" class=\"wp-image-2838\" srcset=\"https:\/\/embroidertech.com\/wp-content\/uploads\/2023\/10\/8-1.png 800w, https:\/\/embroidertech.com\/wp-content\/uploads\/2023\/10\/8-1-300x300.png 300w, https:\/\/embroidertech.com\/wp-content\/uploads\/2023\/10\/8-1-150x150.png 150w, https:\/\/embroidertech.com\/wp-content\/uploads\/2023\/10\/8-1-768x768.png 768w, https:\/\/embroidertech.com\/wp-content\/uploads\/2023\/10\/8-1-80x80.png 80w, https:\/\/embroidertech.com\/wp-content\/uploads\/2023\/10\/8-1-600x600.png 600w, https:\/\/embroidertech.com\/wp-content\/uploads\/2023\/10\/8-1-100x100.png 100w, https:\/\/embroidertech.com\/wp-content\/uploads\/2023\/10\/8-1-50x50.png 50w\" sizes=\"(max-width: 800px) 100vw, 800px\" \/><\/figure>\n<\/figure>\n\n\n\n<h3 class=\"wp-block-heading has-text-align-center\">GU\u00cdA DE TALLAS<\/h3>\n\n\n\n<figure class=\"wp-block-image size-full is-resized\"><img loading=\"lazy\" decoding=\"async\" width=\"773\" height=\"162\" src=\"https:\/\/embroidertech.com\/wp-content\/uploads\/2023\/10\/TALLAS2.jpg\" alt=\"\" class=\"wp-image-2844\" style=\"aspect-ratio:4.771604938271605;width:1199px;height:auto\" srcset=\"https:\/\/embroidertech.com\/wp-content\/uploads\/2023\/10\/TALLAS2.jpg 773w, https:\/\/embroidertech.com\/wp-content\/uploads\/2023\/10\/TALLAS2-300x63.jpg 300w, https:\/\/embroidertech.com\/wp-content\/uploads\/2023\/10\/TALLAS2-768x161.jpg 768w, https:\/\/embroidertech.com\/wp-content\/uploads\/2023\/10\/TALLAS2-600x126.jpg 600w\" sizes=\"(max-width: 773px) 100vw, 773px\" \/><\/figure>\n\n\n\n<h3 class=\"wp-block-heading has-text-align-center\">COMPOSICI\u00d3N Y CUIDADOS<\/h3>\n\n\n\n<h4 class=\"wp-block-heading\">COMPOSICI\u00d3N<\/h4>\n\n\n\n<p>EXTERIOR TEJIDO PRINCIPAL: poli\u00e9ster 51.6%, algod\u00f3n 34.4%<\/p>\n\n\n\n<p>EXTERIOR TEJIDO SECUNDARIO: poli\u00e9ster 7.3%, algod\u00f3n 6.3%, elastano 0.4%<\/p>\n\n\n\n<h4 class=\"wp-block-heading\">CUIDADOS<\/h4>\n\n\n\n<p>LAVAR A MANO MAX 30\u00bac<\/p>\n\n\n\n<p>NO USAR LEJ\u00cdA\/BLANQUEADOR<\/p>\n\n\n\n<p>PLANCHAR M\u00c1XIMO 110\u00bac<\/p>\n\n\n\n<p>NO LIMP\u00ccEZA EN SECO<\/p>\n\n\n\n<p>NO USAR SECADORA<\/p>\n","protected":false},"excerpt":{"rendered":"<p>IMAGENES DE LAS SUDADERAS GU\u00cdA DE TALLAS COMPOSICI\u00d3N Y CUIDADOS COMPOSICI\u00d3N EXTERIOR TEJIDO PRINCIPAL: poli\u00e9ster 51.6%, algod\u00f3n 34.4% EXTERIOR TEJIDO SECUNDARIO: poli\u00e9ster 7.3%, algod\u00f3n 6.3%, elastano 0.4% CUIDADOS LAVAR A MANO MAX 30\u00bac NO USAR LEJ\u00cdA\/BLANQUEADOR PLANCHAR M\u00c1XIMO 110\u00bac NO LIMP\u00ccEZA EN SECO NO USAR SECADORA<\/p>\n","protected":false},"author":1,"featured_media":0,"parent":0,"menu_order":0,"comment_status":"closed","ping_status":"closed","template":"","meta":{"_uag_custom_page_level_css":"","site-sidebar-layout":"default","site-content-layout":"","ast-site-content-layout":"default","site-content-style":"default","site-sidebar-style":"default","ast-global-header-display":"","ast-banner-title-visibility":"","ast-main-header-display":"","ast-hfb-above-header-display":"","ast-hfb-below-header-display":"","ast-hfb-mobile-header-display":"","site-post-title":"disabled","ast-breadcrumbs-content":"","ast-featured-img":"","footer-sml-layout":"","ast-disable-related-posts":"","theme-transparent-header-meta":"","adv-header-id-meta":"","stick-header-meta":"","header-above-stick-meta":"","header-main-stick-meta":"","header-below-stick-meta":"","astra-migrate-meta-layouts":"set","ast-page-background-enabled":"default","ast-page-background-meta":{"desktop":{"background-color":"var(--ast-global-color-4)","background-image":"","background-repeat":"repeat","background-position":"center center","background-size":"auto","background-attachment":"scroll","background-type":"","background-media":"","overlay-type":"","overlay-color":"","overlay-opacity":"","overlay-gradient":""},"tablet":{"background-color":"","background-image":"","background-repeat":"repeat","background-position":"center center","background-size":"auto","background-attachment":"scroll","background-type":"","background-media":"","overlay-type":"","overlay-color":"","overlay-opacity":"","overlay-gradient":""},"mobile":{"background-color":"","background-image":"","background-repeat":"repeat","background-position":"center center","background-size":"auto","background-attachment":"scroll","background-type":"","background-media":"","overlay-type":"","overlay-color":"","overlay-opacity":"","overlay-gradient":""}},"ast-content-background-meta":{"desktop":{"background-color":"var(--ast-global-color-5)","background-image":"","background-repeat":"repeat","background-position":"center center","background-size":"auto","background-attachment":"scroll","background-type":"","background-media":"","overlay-type":"","overlay-color":"","overlay-opacity":"","overlay-gradient":""},"tablet":{"background-color":"var(--ast-global-color-5)","background-image":"","background-repeat":"repeat","background-position":"center center","background-size":"auto","background-attachment":"scroll","background-type":"","background-media":"","overlay-type":"","overlay-color":"","overlay-opacity":"","overlay-gradient":""},"mobile":{"background-color":"var(--ast-global-color-5)","background-image":"","background-repeat":"repeat","background-position":"center center","background-size":"auto","background-attachment":"scroll","background-type":"","background-media":"","overlay-type":"","overlay-color":"","overlay-opacity":"","overlay-gradient":""}},"footnotes":""},"class_list":["post-2842","page","type-page","status-publish","hentry"],"yoast_head":"<!-- This site is optimized with the Yoast SEO plugin v27.5 - https:\/\/yoast.com\/product\/yoast-seo-wordpress\/ -->\n<title>Gu\u00eda de tallas - EmbroiderTech<\/title>\n<meta name=\"robots\" content=\"index, follow, max-snippet:-1, max-image-preview:large, max-video-preview:-1\" \/>\n<link rel=\"canonical\" href=\"https:\/\/embroidertech.com\/index.php\/guia-de-tallas\/\" \/>\n<meta property=\"og:locale\" content=\"es_ES\" \/>\n<meta property=\"og:type\" content=\"article\" \/>\n<meta property=\"og:title\" content=\"Gu\u00eda de tallas - EmbroiderTech\" \/>\n<meta property=\"og:description\" content=\"IMAGENES DE LAS SUDADERAS GU\u00cdA DE TALLAS COMPOSICI\u00d3N Y CUIDADOS COMPOSICI\u00d3N EXTERIOR TEJIDO PRINCIPAL: poli\u00e9ster 51.6%, algod\u00f3n 34.4% EXTERIOR TEJIDO SECUNDARIO: poli\u00e9ster 7.3%, algod\u00f3n 6.3%, elastano 0.4% CUIDADOS LAVAR A MANO MAX 30\u00bac NO USAR LEJ\u00cdA\/BLANQUEADOR PLANCHAR M\u00c1XIMO 110\u00bac NO LIMP\u00ccEZA EN SECO NO USAR SECADORA\" \/>\n<meta property=\"og:url\" content=\"https:\/\/embroidertech.com\/index.php\/guia-de-tallas\/\" \/>\n<meta property=\"og:site_name\" content=\"EmbroiderTech\" \/>\n<meta property=\"article:modified_time\" content=\"2023-11-28T08:01:41+00:00\" \/>\n<meta property=\"og:image\" content=\"https:\/\/embroidertech.com\/wp-content\/uploads\/2023\/10\/Sudaderas-Equipos.png\" \/>\n<meta name=\"twitter:card\" content=\"summary_large_image\" \/>\n<meta name=\"twitter:label1\" content=\"Tiempo de lectura\" \/>\n\t<meta name=\"twitter:data1\" content=\"2 minutos\" \/>\n<script type=\"application\/ld+json\" class=\"yoast-schema-graph\">{\"@context\":\"https:\\\/\\\/schema.org\",\"@graph\":[{\"@type\":\"WebPage\",\"@id\":\"https:\\\/\\\/embroidertech.com\\\/index.php\\\/guia-de-tallas\\\/\",\"url\":\"https:\\\/\\\/embroidertech.com\\\/index.php\\\/guia-de-tallas\\\/\",\"name\":\"Gu\u00eda de tallas - EmbroiderTech\",\"isPartOf\":{\"@id\":\"https:\\\/\\\/embroidertech.com\\\/#website\"},\"primaryImageOfPage\":{\"@id\":\"https:\\\/\\\/embroidertech.com\\\/index.php\\\/guia-de-tallas\\\/#primaryimage\"},\"image\":{\"@id\":\"https:\\\/\\\/embroidertech.com\\\/index.php\\\/guia-de-tallas\\\/#primaryimage\"},\"thumbnailUrl\":\"https:\\\/\\\/embroidertech.com\\\/wp-content\\\/uploads\\\/2023\\\/10\\\/Sudaderas-Equipos.png\",\"datePublished\":\"2023-10-24T07:01:03+00:00\",\"dateModified\":\"2023-11-28T08:01:41+00:00\",\"breadcrumb\":{\"@id\":\"https:\\\/\\\/embroidertech.com\\\/index.php\\\/guia-de-tallas\\\/#breadcrumb\"},\"inLanguage\":\"es\",\"potentialAction\":[{\"@type\":\"ReadAction\",\"target\":[\"https:\\\/\\\/embroidertech.com\\\/index.php\\\/guia-de-tallas\\\/\"]}]},{\"@type\":\"ImageObject\",\"inLanguage\":\"es\",\"@id\":\"https:\\\/\\\/embroidertech.com\\\/index.php\\\/guia-de-tallas\\\/#primaryimage\",\"url\":\"https:\\\/\\\/embroidertech.com\\\/wp-content\\\/uploads\\\/2023\\\/10\\\/Sudaderas-Equipos.png\",\"contentUrl\":\"https:\\\/\\\/embroidertech.com\\\/wp-content\\\/uploads\\\/2023\\\/10\\\/Sudaderas-Equipos.png\",\"width\":800,\"height\":800},{\"@type\":\"BreadcrumbList\",\"@id\":\"https:\\\/\\\/embroidertech.com\\\/index.php\\\/guia-de-tallas\\\/#breadcrumb\",\"itemListElement\":[{\"@type\":\"ListItem\",\"position\":1,\"name\":\"Portada\",\"item\":\"https:\\\/\\\/embroidertech.com\\\/\"},{\"@type\":\"ListItem\",\"position\":2,\"name\":\"Gu\u00eda de tallas\"}]},{\"@type\":\"WebSite\",\"@id\":\"https:\\\/\\\/embroidertech.com\\\/#website\",\"url\":\"https:\\\/\\\/embroidertech.com\\\/\",\"name\":\"EmbroiderTech\",\"description\":\"Dise\u00f1os bordados en sudaderas y camisetas: tu estilo personalizado en cada puntada.\",\"publisher\":{\"@id\":\"https:\\\/\\\/embroidertech.com\\\/#organization\"},\"potentialAction\":[{\"@type\":\"SearchAction\",\"target\":{\"@type\":\"EntryPoint\",\"urlTemplate\":\"https:\\\/\\\/embroidertech.com\\\/?s={search_term_string}\"},\"query-input\":{\"@type\":\"PropertyValueSpecification\",\"valueRequired\":true,\"valueName\":\"search_term_string\"}}],\"inLanguage\":\"es\"},{\"@type\":\"Organization\",\"@id\":\"https:\\\/\\\/embroidertech.com\\\/#organization\",\"name\":\"EmbroiderTech\",\"url\":\"https:\\\/\\\/embroidertech.com\\\/\",\"logo\":{\"@type\":\"ImageObject\",\"inLanguage\":\"es\",\"@id\":\"https:\\\/\\\/embroidertech.com\\\/#\\\/schema\\\/logo\\\/image\\\/\",\"url\":\"https:\\\/\\\/embroidertech.com\\\/wp-content\\\/uploads\\\/2023\\\/06\\\/Diseno-sin-titulo-8.png\",\"contentUrl\":\"https:\\\/\\\/embroidertech.com\\\/wp-content\\\/uploads\\\/2023\\\/06\\\/Diseno-sin-titulo-8.png\",\"width\":300,\"height\":300,\"caption\":\"EmbroiderTech\"},\"image\":{\"@id\":\"https:\\\/\\\/embroidertech.com\\\/#\\\/schema\\\/logo\\\/image\\\/\"}}]}<\/script>\n<!-- \/ Yoast SEO plugin. -->","yoast_head_json":{"title":"Gu\u00eda de tallas - EmbroiderTech","robots":{"index":"index","follow":"follow","max-snippet":"max-snippet:-1","max-image-preview":"max-image-preview:large","max-video-preview":"max-video-preview:-1"},"canonical":"https:\/\/embroidertech.com\/index.php\/guia-de-tallas\/","og_locale":"es_ES","og_type":"article","og_title":"Gu\u00eda de tallas - EmbroiderTech","og_description":"IMAGENES DE LAS SUDADERAS GU\u00cdA DE TALLAS COMPOSICI\u00d3N Y CUIDADOS COMPOSICI\u00d3N EXTERIOR TEJIDO PRINCIPAL: poli\u00e9ster 51.6%, algod\u00f3n 34.4% EXTERIOR TEJIDO SECUNDARIO: poli\u00e9ster 7.3%, algod\u00f3n 6.3%, elastano 0.4% CUIDADOS LAVAR A MANO MAX 30\u00bac NO USAR LEJ\u00cdA\/BLANQUEADOR PLANCHAR M\u00c1XIMO 110\u00bac NO LIMP\u00ccEZA EN SECO NO USAR SECADORA","og_url":"https:\/\/embroidertech.com\/index.php\/guia-de-tallas\/","og_site_name":"EmbroiderTech","article_modified_time":"2023-11-28T08:01:41+00:00","og_image":[{"url":"https:\/\/embroidertech.com\/wp-content\/uploads\/2023\/10\/Sudaderas-Equipos.png","type":"","width":"","height":""}],"twitter_card":"summary_large_image","twitter_misc":{"Tiempo de lectura":"2 minutos"},"schema":{"@context":"https:\/\/schema.org","@graph":[{"@type":"WebPage","@id":"https:\/\/embroidertech.com\/index.php\/guia-de-tallas\/","url":"https:\/\/embroidertech.com\/index.php\/guia-de-tallas\/","name":"Gu\u00eda de tallas - EmbroiderTech","isPartOf":{"@id":"https:\/\/embroidertech.com\/#website"},"primaryImageOfPage":{"@id":"https:\/\/embroidertech.com\/index.php\/guia-de-tallas\/#primaryimage"},"image":{"@id":"https:\/\/embroidertech.com\/index.php\/guia-de-tallas\/#primaryimage"},"thumbnailUrl":"https:\/\/embroidertech.com\/wp-content\/uploads\/2023\/10\/Sudaderas-Equipos.png","datePublished":"2023-10-24T07:01:03+00:00","dateModified":"2023-11-28T08:01:41+00:00","breadcrumb":{"@id":"https:\/\/embroidertech.com\/index.php\/guia-de-tallas\/#breadcrumb"},"inLanguage":"es","potentialAction":[{"@type":"ReadAction","target":["https:\/\/embroidertech.com\/index.php\/guia-de-tallas\/"]}]},{"@type":"ImageObject","inLanguage":"es","@id":"https:\/\/embroidertech.com\/index.php\/guia-de-tallas\/#primaryimage","url":"https:\/\/embroidertech.com\/wp-content\/uploads\/2023\/10\/Sudaderas-Equipos.png","contentUrl":"https:\/\/embroidertech.com\/wp-content\/uploads\/2023\/10\/Sudaderas-Equipos.png","width":800,"height":800},{"@type":"BreadcrumbList","@id":"https:\/\/embroidertech.com\/index.php\/guia-de-tallas\/#breadcrumb","itemListElement":[{"@type":"ListItem","position":1,"name":"Portada","item":"https:\/\/embroidertech.com\/"},{"@type":"ListItem","position":2,"name":"Gu\u00eda de tallas"}]},{"@type":"WebSite","@id":"https:\/\/embroidertech.com\/#website","url":"https:\/\/embroidertech.com\/","name":"EmbroiderTech","description":"Dise\u00f1os bordados en sudaderas y camisetas: tu estilo personalizado en cada puntada.","publisher":{"@id":"https:\/\/embroidertech.com\/#organization"},"potentialAction":[{"@type":"SearchAction","target":{"@type":"EntryPoint","urlTemplate":"https:\/\/embroidertech.com\/?s={search_term_string}"},"query-input":{"@type":"PropertyValueSpecification","valueRequired":true,"valueName":"search_term_string"}}],"inLanguage":"es"},{"@type":"Organization","@id":"https:\/\/embroidertech.com\/#organization","name":"EmbroiderTech","url":"https:\/\/embroidertech.com\/","logo":{"@type":"ImageObject","inLanguage":"es","@id":"https:\/\/embroidertech.com\/#\/schema\/logo\/image\/","url":"https:\/\/embroidertech.com\/wp-content\/uploads\/2023\/06\/Diseno-sin-titulo-8.png","contentUrl":"https:\/\/embroidertech.com\/wp-content\/uploads\/2023\/06\/Diseno-sin-titulo-8.png","width":300,"height":300,"caption":"EmbroiderTech"},"image":{"@id":"https:\/\/embroidertech.com\/#\/schema\/logo\/image\/"}}]}},"uagb_featured_image_src":{"full":false,"thumbnail":false,"medium":false,"medium_large":false,"large":false,"1536x1536":false,"2048x2048":false,"wishsuite-image":false,"woocommerce_thumbnail":false,"woocommerce_single":false,"woocommerce_gallery_thumbnail":false,"variation_swatches_image_size":false,"variation_swatches_tooltip_size":false},"uagb_author_info":{"display_name":"ricardo","author_link":"https:\/\/embroidertech.com\/index.php\/author\/ricardo\/"},"uagb_comment_info":0,"uagb_excerpt":"IMAGENES DE LAS SUDADERAS GU\u00cdA DE TALLAS COMPOSICI\u00d3N Y CUIDADOS COMPOSICI\u00d3N EXTERIOR TEJIDO PRINCIPAL: poli\u00e9ster 51.6%, algod\u00f3n 34.4% EXTERIOR TEJIDO SECUNDARIO: poli\u00e9ster 7.3%, algod\u00f3n 6.3%, elastano 0.4% CUIDADOS LAVAR A MANO MAX 30\u00bac NO USAR LEJ\u00cdA\/BLANQUEADOR PLANCHAR M\u00c1XIMO 110\u00bac NO LIMP\u00ccEZA EN SECO NO USAR SECADORA","jetpack_sharing_enabled":true,"_links":{"self":[{"href":"https:\/\/embroidertech.com\/index.php\/wp-json\/wp\/v2\/pages\/2842","targetHints":{"allow":["GET"]}}],"collection":[{"href":"https:\/\/embroidertech.com\/index.php\/wp-json\/wp\/v2\/pages"}],"about":[{"href":"https:\/\/embroidertech.com\/index.php\/wp-json\/wp\/v2\/types\/page"}],"author":[{"embeddable":true,"href":"https:\/\/embroidertech.com\/index.php\/wp-json\/wp\/v2\/users\/1"}],"replies":[{"embeddable":true,"href":"https:\/\/embroidertech.com\/index.php\/wp-json\/wp\/v2\/comments?post=2842"}],"version-history":[{"count":5,"href":"https:\/\/embroidertech.com\/index.php\/wp-json\/wp\/v2\/pages\/2842\/revisions"}],"predecessor-version":[{"id":2995,"href":"https:\/\/embroidertech.com\/index.php\/wp-json\/wp\/v2\/pages\/2842\/revisions\/2995"}],"wp:attachment":[{"href":"https:\/\/embroidertech.com\/index.php\/wp-json\/wp\/v2\/media?parent=2842"}],"curies":[{"name":"wp","href":"https:\/\/api.w.org\/{rel}","templated":true}]}}